{"id":11081,"date":"2026-02-09T19:08:02","date_gmt":"2026-02-09T16:08:02","guid":{"rendered":"https:\/\/gibanevent.com\/texte-dinformation-sur-la-loi-relative-a-la-protection-des-donnees-personnelles\/"},"modified":"2026-02-10T13:53:51","modified_gmt":"2026-02-10T10:53:51","slug":"texte-dinformation-sur-la-loi-relative-a-la-protection-des-donnees-personnelles","status":"publish","type":"page","link":"https:\/\/gibanevent.com\/fr\/texte-dinformation-sur-la-loi-relative-a-la-protection-des-donnees-personnelles\/","title":{"rendered":"Texte d&#8217;information sur la loi relative \u00e0 la protection des donn\u00e9es personnelles"},"content":{"rendered":"\t\t<div data-elementor-type=\"wp-page\" data-elementor-id=\"11081\" class=\"elementor elementor-11081 elementor-10896\">\n\t\t\t\t<div class=\"elementor-element elementor-element-e842371 e-con-full e-flex pxl-section-overflow-visible pxl-column-none pxl-section-fix-none pxl-bg-color-none e-con e-parent \" data-id=\"e842371\" data-element_type=\"container\"><div class=\"elementor-element elementor-element-5df3ddd e-flex e-con-boxed pxl-section-overflow-visible pxl-column-none pxl-section-fix-none pxl-bg-color-none e-con e-child \" data-id=\"5df3ddd\" data-element_type=\"container\" data-settings=\"{&quot;background_background&quot;:&quot;classic&quot;}\">\t\t\t<div class=\"e-con-inner\">\r\n\t\t\t\t<div class=\"elementor-element elementor-element-8c4fc47 elementor-widget elementor-widget-pxl_heading\" data-id=\"8c4fc47\" data-element_type=\"widget\" data-widget_type=\"pxl_heading.default\">\n\t\t\t\t<div class=\"elementor-widget-container\">\n\t\t\t\t\t\n<div id=\"pxl-pxl_heading-8c4fc47-8058\" class=\"pxl-heading \">\n\t<div class=\"pxl-heading--inner\">\n\t\t\n\t\t<h2 class=\"pxl-item--title  style-default highlight-default \" data-wow-delay=\"ms\">\n\n\t\t<span class=\"pxl-heading--text \">\n\n\t\t\t\t\t\t\tTexte d&#8217;information sur la loi relative \u00e0 la protection des donn\u00e9es personnelles\t\n\t\t\t\t\n\n\t\t<\/span>\n\t\t<\/h2>\n\t\t\n\t<\/div>\n<\/div>\t\t\t\t<\/div>\n\t\t\t\t<\/div>\n\t\t\t\t<div class=\"elementor-element elementor-element-ccbe7a3 elementor-widget elementor-widget-pxl_text_editor\" data-id=\"ccbe7a3\" data-element_type=\"widget\" data-widget_type=\"pxl_text_editor.default\">\n\t\t\t\t<div class=\"elementor-widget-container\">\n\t\t\t\t\t<div class=\"pxl-text-editor d-flex   \">\n\t<div class=\"pxl-item--inner  \" data-wow-delay=\"ms\">\n\t\t\t\t\n\t<\/div>\n<\/div>\t\t\t\t<\/div>\n\t\t\t\t<\/div>\n\t\t\t\t\t<\/div>\r\n\t\t\t\t<\/div>\r\n\t\t\t\t<\/div>\r\n\t\t<div class=\"elementor-element elementor-element-233ad4b e-flex e-con-boxed pxl-section-overflow-visible pxl-column-none pxl-section-fix-none pxl-bg-color-none e-con e-parent \" data-id=\"233ad4b\" data-element_type=\"container\">\t\t\t<div class=\"e-con-inner\">\r\n\t\t\t\t<div class=\"elementor-element elementor-element-3ac1500 elementor-widget elementor-widget-text-editor\" data-id=\"3ac1500\" data-element_type=\"widget\" data-widget_type=\"text-editor.default\">\n\t\t\t\t\t\t\t\t\t<p class=\"p1\"><b>Texte d\u2019Information sur la Protection des Donn\u00e9es Personnelles<\/b><\/p><p class=\"p2\">Le pr\u00e9sent Texte d\u2019Information a \u00e9t\u00e9 pr\u00e9par\u00e9 conform\u00e9ment \u00e0 la <b>Loi n\u00b06698 sur la Protection des Donn\u00e9es Personnelles (KVKK)<\/b> afin d\u2019informer les personnes concern\u00e9es sur le traitement des donn\u00e9es personnelles collect\u00e9es par <b>Giban Gayrimenkul<\/b> (le \u00ab Responsable du traitement \u00bb) via le site internet www.gibangayrimenkul.com ou par d\u2019autres canaux de communication.<\/p><p class=\"p4\"><b>1. Responsable du Traitement<\/b><\/p><p class=\"p2\">Conform\u00e9ment \u00e0 la KVKK, vos donn\u00e9es personnelles peuvent \u00eatre trait\u00e9es par <b>Giban Gayrimenkul<\/b>, en qualit\u00e9 de responsable du traitement, dans le cadre et aux fins d\u00e9crites ci-dessous.<\/p><p class=\"p2\"><b>D\u00e9nomination :<\/b> Giban Gayrimenkul<br \/><b>Adresse :<\/b> Mustafa Kemal Mahallesi 2126.Sokak G\u00f6k\u00e7en Prestij \u0130\u015f Merkezi No:4\/6 \u00c7ankaya\/Ankara<br \/><b>T\u00e9l\u00e9phone :<\/b> +90 534 764 04 60<br \/><b>E\u2011mail :<\/b> info@gibanevent.com<\/p><p class=\"p4\"><b>2. Donn\u00e9es Personnelles Trait\u00e9es<\/b><\/p><p class=\"p2\">Dans le cadre de l\u2019utilisation de notre site internet et de nos activit\u00e9s, les donn\u00e9es personnelles suivantes peuvent \u00eatre trait\u00e9es :<\/p><ul class=\"ul1\"><li class=\"li2\">Donn\u00e9es d\u2019identit\u00e9 (nom, pr\u00e9nom)<\/li><li class=\"li2\">Donn\u00e9es de contact (num\u00e9ro de t\u00e9l\u00e9phone, adresse e\u2011mail)<\/li><li class=\"li2\">Informations relatives aux demandes et portefeuilles immobiliers<\/li><li class=\"li2\">Donn\u00e9es relatives aux op\u00e9rations de l\u2019utilisateur (remplissage de formulaires, transmission de demandes)<\/li><li class=\"li2\">Adresse IP, informations relatives aux cookies et donn\u00e9es d\u2019utilisation du site<\/li><\/ul><p class=\"p4\"><b>3. Finalit\u00e9s du Traitement des Donn\u00e9es Personnelles<\/b><\/p><p class=\"p2\">Vos donn\u00e9es personnelles sont trait\u00e9es aux fins suivantes :<\/p><ul class=\"ul1\"><li class=\"li2\">Gestion des processus de vente, d\u2019achat et de location de biens immobiliers<\/li><li class=\"li2\">R\u00e9alisation des activit\u00e9s de communication<\/li><li class=\"li2\">\u00c9valuation et suivi des demandes et candidatures<\/li><li class=\"li2\">Am\u00e9lioration de la satisfaction client et de la qualit\u00e9 des services<\/li><li class=\"li2\">Respect des obligations l\u00e9gales<\/li><li class=\"li2\">Analyse de l\u2019utilisation du site internet et garantie de sa s\u00e9curit\u00e9<\/li><\/ul><p class=\"p4\"><b>4. M\u00e9thode de Collecte et Fondement Juridique<\/b><\/p><p class=\"p2\">Vos donn\u00e9es personnelles sont collect\u00e9es :<\/p><ul class=\"ul1\"><li class=\"li2\">Par le biais des formulaires de contact et de demande disponibles sur notre site internet,<\/li><li class=\"li2\">Par e\u2011mail, t\u00e9l\u00e9phone et autres canaux de communication,<\/li><li class=\"li2\">Par l\u2019interm\u00e9diaire de cookies,<\/li><\/ul><p class=\"p2\">par des moyens automatis\u00e9s ou non automatis\u00e9s, sur la base des fondements juridiques pr\u00e9vus aux <b>articles 5 et 6 de la KVKK<\/b>.<\/p><p class=\"p4\"><b>5. Transfert des Donn\u00e9es Personnelles<\/b><\/p><p class=\"p2\">Les donn\u00e9es personnelles collect\u00e9es peuvent \u00eatre transf\u00e9r\u00e9es, conform\u00e9ment aux <b>articles 8 et 9 de la KVKK<\/b> :<\/p><ul class=\"ul1\"><li class=\"li2\">Aux institutions et organismes publics comp\u00e9tents, dans le cadre des obligations l\u00e9gales,<\/li><li class=\"li2\">Aux partenaires commerciaux et prestataires de services contribuant aux processus de traitement des donn\u00e9es,<\/li><\/ul><p class=\"p2\">uniquement dans la limite des finalit\u00e9s mentionn\u00e9es ci-dessus.<\/p><p class=\"p4\"><b>6. Dur\u00e9e de Conservation des Donn\u00e9es Personnelles<\/b><\/p><p class=\"p2\">Vos donn\u00e9es personnelles sont conserv\u00e9es pendant la dur\u00e9e pr\u00e9vue par la l\u00e9gislation applicable ou pendant la dur\u00e9e n\u00e9cessaire \u00e0 la finalit\u00e9 du traitement ; \u00e0 l\u2019issue de cette p\u00e9riode, elles sont supprim\u00e9es, d\u00e9truites ou rendues anonymes conform\u00e9ment \u00e0 la l\u00e9gislation en vigueur.<\/p><p class=\"p4\"><b>7. Droits de la Personne Concern\u00e9e<\/b><\/p><p class=\"p2\">Conform\u00e9ment \u00e0 l\u2019article 11 de la KVKK, les personnes concern\u00e9es disposent des droits suivants :<\/p><ul class=\"ul1\"><li class=\"li2\">Savoir si leurs donn\u00e9es personnelles sont trait\u00e9es ou non,<\/li><li class=\"li2\">Demander des informations si leurs donn\u00e9es ont \u00e9t\u00e9 trait\u00e9es,<\/li><li class=\"li2\">Conna\u00eetre la finalit\u00e9 du traitement et v\u00e9rifier si les donn\u00e9es sont utilis\u00e9es conform\u00e9ment \u00e0 cette finalit\u00e9,<\/li><li class=\"li2\">Conna\u00eetre les tiers auxquels les donn\u00e9es sont transf\u00e9r\u00e9es, en Turquie ou \u00e0 l\u2019\u00e9tranger,<\/li><li class=\"li2\">Demander la rectification des donn\u00e9es incompl\u00e8tes ou inexactes,<\/li><li class=\"li2\">Demander la suppression ou la destruction des donn\u00e9es conform\u00e9ment \u00e0 la KVKK,<\/li><li class=\"li2\">Demander la notification des op\u00e9rations de rectification, suppression ou destruction aux tiers concern\u00e9s,<\/li><li class=\"li2\">S\u2019opposer \u00e0 un r\u00e9sultat d\u00e9favorable r\u00e9sultant d\u2019une analyse effectu\u00e9e exclusivement par des syst\u00e8mes automatis\u00e9s,<\/li><li class=\"li2\">Demander la r\u00e9paration du pr\u00e9judice en cas de traitement illicite des donn\u00e9es personnelles.<\/li><\/ul><p class=\"p4\"><b>8. M\u00e9thode de Demande<\/b><\/p><p class=\"p2\">Les demandes relatives \u00e0 l\u2019exercice de vos droits susmentionn\u00e9s peuvent \u00eatre adress\u00e9es par \u00e9crit ou par les autres m\u00e9thodes pr\u00e9vues par la KVKK \u00e0 <b>Giban Gayrimenkul<\/b>.<\/p><p class=\"p2\">Les demandes seront trait\u00e9es gratuitement dans un d\u00e9lai maximal de <b>30 jours<\/b>, conform\u00e9ment \u00e0 la l\u00e9gislation applicable.<\/p>\t\t\t\t\t\t\t\t<\/div>\n\t\t\t\t\t<\/div>\r\n\t\t\t\t<\/div>\r\n\t\t\t\t<\/div>\n\t\t","protected":false},"excerpt":{"rendered":"<p>Texte d&#8217;information sur la loi relative \u00e0 la protection des donn\u00e9es personnelles Texte d\u2019Information sur la Protection des Donn\u00e9es Personnelles Le pr\u00e9sent Texte d\u2019Information a \u00e9t\u00e9 pr\u00e9par\u00e9 conform\u00e9ment \u00e0 la Loi n\u00b06698 sur la Protection des Donn\u00e9es Personnelles (KVKK) afin d\u2019informer les personnes concern\u00e9es sur le traitement des donn\u00e9es personnelles collect\u00e9es par Giban Gayrimenkul (le [&hellip;]<\/p>\n","protected":false},"author":1,"featured_media":0,"parent":0,"menu_order":0,"comment_status":"closed","ping_status":"closed","template":"","meta":{"footnotes":""},"class_list":["post-11081","page","type-page","status-publish","hentry"],"_links":{"self":[{"href":"https:\/\/gibanevent.com\/fr\/wp-json\/wp\/v2\/pages\/11081","targetHints":{"allow":["GET"]}}],"collection":[{"href":"https:\/\/gibanevent.com\/fr\/wp-json\/wp\/v2\/pages"}],"about":[{"href":"https:\/\/gibanevent.com\/fr\/wp-json\/wp\/v2\/types\/page"}],"author":[{"embeddable":true,"href":"https:\/\/gibanevent.com\/fr\/wp-json\/wp\/v2\/users\/1"}],"replies":[{"embeddable":true,"href":"https:\/\/gibanevent.com\/fr\/wp-json\/wp\/v2\/comments?post=11081"}],"version-history":[{"count":4,"href":"https:\/\/gibanevent.com\/fr\/wp-json\/wp\/v2\/pages\/11081\/revisions"}],"predecessor-version":[{"id":11092,"href":"https:\/\/gibanevent.com\/fr\/wp-json\/wp\/v2\/pages\/11081\/revisions\/11092"}],"wp:attachment":[{"href":"https:\/\/gibanevent.com\/fr\/wp-json\/wp\/v2\/media?parent=11081"}],"curies":[{"name":"wp","href":"https:\/\/api.w.org\/{rel}","templated":true}]}}